{"id":310,"date":"2026-04-13T21:15:20","date_gmt":"2026-04-13T19:15:20","guid":{"rendered":"https:\/\/www.sl-solarwerke.hr\/impressum\/"},"modified":"2026-04-14T21:06:16","modified_gmt":"2026-04-14T19:06:16","slug":"impressum","status":"publish","type":"page","link":"https:\/\/www.sl-solarwerke.hr\/en\/impressum\/","title":{"rendered":"Impressum"},"content":{"rendered":"<p>[et_pb_section fb_built=&#8221;1&#8243; theme_builder_area=&#8221;post_content&#8221; _builder_version=&#8221;4.27.6&#8243; _module_preset=&#8221;default&#8221;][et_pb_row _builder_version=&#8221;4.27.6&#8243; _module_preset=&#8221;default&#8221; theme_builder_area=&#8221;post_content&#8221;][et_pb_column _builder_version=&#8221;4.27.6&#8243; _module_preset=&#8221;default&#8221; type=&#8221;4_4&#8243; theme_builder_area=&#8221;post_content&#8221;][et_pb_text _builder_version=&#8221;4.27.6&#8243; _module_preset=&#8221;default&#8221; theme_builder_area=&#8221;post_content&#8221; hover_enabled=&#8221;0&#8243; sticky_enabled=&#8221;0&#8243;]<\/p>\n<h1 style=\"text-align: center;\">Impressum<\/h1>\n<p>&nbsp;<\/p>\n<p><strong>SL Solarwerke d.o.o.<\/strong> za usluge<br \/><strong>SL Solarwerke d.o.o.<\/strong><\/p>\n<p><strong>Sjedi\u0161te<\/strong>: Grebengradska ulica 51\/1, Topli\u010dica , HR-42220 NOVI MAROF<\/p>\n<p><strong>Pravni odnosi &#8211; osniva\u010dki akt:<\/strong><br \/>Izjava o osnivanju dru\u0161tva s ograni\u010denom odgovorno\u0161\u0107u od 19. svibnja 2023.<br \/>Odlukom jedinog \u010dlana dru\u0161tva od 11. o\u017eujka 2026., zbog promjene tvrtke dru\u0161tva, izmijenjena je Izjava o osnivanju dru\u0161tva s ograni\u010denom odgovorno\u0161\u0107u od 19. svibnja 2023., i to \u010dl. 1. stavak 1 i 2 glede tvrtke i skra\u0107ene tvrtke dru\u0161tva, te je donijet potpuni tekst Izjave dru\u0161tva SL Solarwerke d.o.o. od 11. o\u017eujka 2026.<br \/>Dru\u0161tvo je upisano u Sudski registar Trgova\u010dkog suda u Vara\u017edinu po rje\u0161enju pod poslovnim brojem Tt-23\/2189-2 od 23. svibnja 2023. godine, redni broj upisa 1, za subjekt upisa s mati\u010dnim brojem (MBS): 070200238, osobnim identifikacijskim brojem (OIB): 90164181525<\/p>\n<p><strong>Temeljni kapital<\/strong>: 2.500,00 euro<\/p>\n<p><strong>Poslovna banka<\/strong>: RAIFFEISENBANK AUSTRIA d.d. Zagreb<\/p>\n<p><strong>IBAN<\/strong>: HR2324840081502037951<\/p>\n<p><strong>OIB (VAT ID):<\/strong> HR 90164181525<\/p>\n<p><strong>EUID<\/strong>: HRSR.070200238<\/p>\n<p><strong>Uprava &#8211; osobe ovla\u0161tene za zastupanje:<\/strong><br \/>Darina Veselinova Hrebak, direktor, zastupa dru\u0161tvo samostalno i pojedina\u010dno<\/p>\n<p>[\/et_pb_text][\/et_pb_column][\/et_pb_row][\/et_pb_section]<\/p>\n","protected":false},"excerpt":{"rendered":"<p>Impressum &nbsp; SL Solarwerke d.o.o. za uslugeSL Solarwerke d.o.o. Sjedi\u0161te: Grebengradska ulica 51\/1, Topli\u010dica , HR-42220 NOVI MAROF Pravni odnosi &#8211; osniva\u010dki akt:Izjava o osnivanju dru\u0161tva s ograni\u010denom odgovorno\u0161\u0107u od 19. svibnja 2023.Odlukom jedinog \u010dlana dru\u0161tva od 11. o\u017eujka 2026., zbog promjene tvrtke dru\u0161tva, izmijenjena je Izjava o osnivanju dru\u0161tva s ograni\u010denom odgovorno\u0161\u0107u od 19. [&hellip;]<\/p>\n","protected":false},"author":1,"featured_media":0,"parent":0,"menu_order":0,"comment_status":"closed","ping_status":"closed","template":"","meta":{"_et_pb_use_builder":"on","_et_pb_old_content":"","_et_gb_content_width":"","footnotes":""},"class_list":["post-310","page","type-page","status-publish","hentry"],"yoast_head":"<!-- This site is optimized with the Yoast SEO plugin v27.4 - https:\/\/yoast.com\/product\/yoast-seo-wordpress\/ -->\n<title>Impressum - SL Solarwerke d.o.o.<\/title>\n<meta name=\"robots\" content=\"index, follow, max-snippet:-1, max-image-preview:large, max-video-preview:-1\" \/>\n<link rel=\"canonical\" href=\"https:\/\/www.sl-solarwerke.hr\/en\/impressum\/\" \/>\n<meta property=\"og:locale\" content=\"en_US\" \/>\n<meta property=\"og:type\" content=\"article\" \/>\n<meta property=\"og:title\" content=\"Impressum - SL Solarwerke d.o.o.\" \/>\n<meta property=\"og:description\" content=\"Impressum &nbsp; SL Solarwerke d.o.o. za uslugeSL Solarwerke d.o.o. Sjedi\u0161te: Grebengradska ulica 51\/1, Topli\u010dica , HR-42220 NOVI MAROF Pravni odnosi - osniva\u010dki akt:Izjava o osnivanju dru\u0161tva s ograni\u010denom odgovorno\u0161\u0107u od 19. svibnja 2023.Odlukom jedinog \u010dlana dru\u0161tva od 11. o\u017eujka 2026., zbog promjene tvrtke dru\u0161tva, izmijenjena je Izjava o osnivanju dru\u0161tva s ograni\u010denom odgovorno\u0161\u0107u od 19. [&hellip;]\" \/>\n<meta property=\"og:url\" content=\"https:\/\/www.sl-solarwerke.hr\/en\/impressum\/\" \/>\n<meta property=\"og:site_name\" content=\"SL Solarwerke d.o.o.\" \/>\n<meta property=\"article:modified_time\" content=\"2026-04-14T19:06:16+00:00\" \/>\n<meta name=\"twitter:card\" content=\"summary_large_image\" \/>\n<meta name=\"twitter:label1\" content=\"Est. reading time\" \/>\n\t<meta name=\"twitter:data1\" content=\"1 minute\" \/>\n<script type=\"application\/ld+json\" class=\"yoast-schema-graph\">{\"@context\":\"https:\\\/\\\/schema.org\",\"@graph\":[{\"@type\":\"WebPage\",\"@id\":\"https:\\\/\\\/www.sl-solarwerke.hr\\\/en\\\/impressum\\\/\",\"url\":\"https:\\\/\\\/www.sl-solarwerke.hr\\\/en\\\/impressum\\\/\",\"name\":\"Impressum - SL Solarwerke d.o.o.\",\"isPartOf\":{\"@id\":\"https:\\\/\\\/www.sl-solarwerke.hr\\\/en\\\/#website\"},\"datePublished\":\"2026-04-13T19:15:20+00:00\",\"dateModified\":\"2026-04-14T19:06:16+00:00\",\"breadcrumb\":{\"@id\":\"https:\\\/\\\/www.sl-solarwerke.hr\\\/en\\\/impressum\\\/#breadcrumb\"},\"inLanguage\":\"en-US\",\"potentialAction\":[{\"@type\":\"ReadAction\",\"target\":[\"https:\\\/\\\/www.sl-solarwerke.hr\\\/en\\\/impressum\\\/\"]}]},{\"@type\":\"BreadcrumbList\",\"@id\":\"https:\\\/\\\/www.sl-solarwerke.hr\\\/en\\\/impressum\\\/#breadcrumb\",\"itemListElement\":[{\"@type\":\"ListItem\",\"position\":1,\"name\":\"Po\u010detna stranica\",\"item\":\"https:\\\/\\\/www.sl-solarwerke.hr\\\/en\\\/\"},{\"@type\":\"ListItem\",\"position\":2,\"name\":\"Impressum\"}]},{\"@type\":\"WebSite\",\"@id\":\"https:\\\/\\\/www.sl-solarwerke.hr\\\/en\\\/#website\",\"url\":\"https:\\\/\\\/www.sl-solarwerke.hr\\\/en\\\/\",\"name\":\"SL Solarwerke d.o.o.\",\"description\":\"Projektiranje i monta\u017ea solarnih elektrana klju\u010d u ruke. Vlastita proizvodnja podkonstrukcija i prodaja solarne opreme.\",\"potentialAction\":[{\"@type\":\"SearchAction\",\"target\":{\"@type\":\"EntryPoint\",\"urlTemplate\":\"https:\\\/\\\/www.sl-solarwerke.hr\\\/en\\\/?s={search_term_string}\"},\"query-input\":{\"@type\":\"PropertyValueSpecification\",\"valueRequired\":true,\"valueName\":\"search_term_string\"}}],\"inLanguage\":\"en-US\"}]}<\/script>\n<!-- \/ Yoast SEO plugin. -->","yoast_head_json":{"title":"Impressum - SL Solarwerke d.o.o.","robots":{"index":"index","follow":"follow","max-snippet":"max-snippet:-1","max-image-preview":"max-image-preview:large","max-video-preview":"max-video-preview:-1"},"canonical":"https:\/\/www.sl-solarwerke.hr\/en\/impressum\/","og_locale":"en_US","og_type":"article","og_title":"Impressum - SL Solarwerke d.o.o.","og_description":"Impressum &nbsp; SL Solarwerke d.o.o. za uslugeSL Solarwerke d.o.o. Sjedi\u0161te: Grebengradska ulica 51\/1, Topli\u010dica , HR-42220 NOVI MAROF Pravni odnosi - osniva\u010dki akt:Izjava o osnivanju dru\u0161tva s ograni\u010denom odgovorno\u0161\u0107u od 19. svibnja 2023.Odlukom jedinog \u010dlana dru\u0161tva od 11. o\u017eujka 2026., zbog promjene tvrtke dru\u0161tva, izmijenjena je Izjava o osnivanju dru\u0161tva s ograni\u010denom odgovorno\u0161\u0107u od 19. [&hellip;]","og_url":"https:\/\/www.sl-solarwerke.hr\/en\/impressum\/","og_site_name":"SL Solarwerke d.o.o.","article_modified_time":"2026-04-14T19:06:16+00:00","twitter_card":"summary_large_image","twitter_misc":{"Est. reading time":"1 minute"},"schema":{"@context":"https:\/\/schema.org","@graph":[{"@type":"WebPage","@id":"https:\/\/www.sl-solarwerke.hr\/en\/impressum\/","url":"https:\/\/www.sl-solarwerke.hr\/en\/impressum\/","name":"Impressum - SL Solarwerke d.o.o.","isPartOf":{"@id":"https:\/\/www.sl-solarwerke.hr\/en\/#website"},"datePublished":"2026-04-13T19:15:20+00:00","dateModified":"2026-04-14T19:06:16+00:00","breadcrumb":{"@id":"https:\/\/www.sl-solarwerke.hr\/en\/impressum\/#breadcrumb"},"inLanguage":"en-US","potentialAction":[{"@type":"ReadAction","target":["https:\/\/www.sl-solarwerke.hr\/en\/impressum\/"]}]},{"@type":"BreadcrumbList","@id":"https:\/\/www.sl-solarwerke.hr\/en\/impressum\/#breadcrumb","itemListElement":[{"@type":"ListItem","position":1,"name":"Po\u010detna stranica","item":"https:\/\/www.sl-solarwerke.hr\/en\/"},{"@type":"ListItem","position":2,"name":"Impressum"}]},{"@type":"WebSite","@id":"https:\/\/www.sl-solarwerke.hr\/en\/#website","url":"https:\/\/www.sl-solarwerke.hr\/en\/","name":"SL Solarwerke d.o.o.","description":"Projektiranje i monta\u017ea solarnih elektrana klju\u010d u ruke. Vlastita proizvodnja podkonstrukcija i prodaja solarne opreme.","potentialAction":[{"@type":"SearchAction","target":{"@type":"EntryPoint","urlTemplate":"https:\/\/www.sl-solarwerke.hr\/en\/?s={search_term_string}"},"query-input":{"@type":"PropertyValueSpecification","valueRequired":true,"valueName":"search_term_string"}}],"inLanguage":"en-US"}]}},"_links":{"self":[{"href":"https:\/\/www.sl-solarwerke.hr\/en\/wp-json\/wp\/v2\/pages\/310","targetHints":{"allow":["GET"]}}],"collection":[{"href":"https:\/\/www.sl-solarwerke.hr\/en\/wp-json\/wp\/v2\/pages"}],"about":[{"href":"https:\/\/www.sl-solarwerke.hr\/en\/wp-json\/wp\/v2\/types\/page"}],"author":[{"embeddable":true,"href":"https:\/\/www.sl-solarwerke.hr\/en\/wp-json\/wp\/v2\/users\/1"}],"replies":[{"embeddable":true,"href":"https:\/\/www.sl-solarwerke.hr\/en\/wp-json\/wp\/v2\/comments?post=310"}],"version-history":[{"count":2,"href":"https:\/\/www.sl-solarwerke.hr\/en\/wp-json\/wp\/v2\/pages\/310\/revisions"}],"predecessor-version":[{"id":312,"href":"https:\/\/www.sl-solarwerke.hr\/en\/wp-json\/wp\/v2\/pages\/310\/revisions\/312"}],"wp:attachment":[{"href":"https:\/\/www.sl-solarwerke.hr\/en\/wp-json\/wp\/v2\/media?parent=310"}],"curies":[{"name":"wp","href":"https:\/\/api.w.org\/{rel}","templated":true}]}}