{"id":377,"date":"2026-04-13T19:14:29","date_gmt":"2026-04-13T17:14:29","guid":{"rendered":"https:\/\/www.sl-solarwerke.hr\/startseite\/"},"modified":"2026-04-15T15:32:26","modified_gmt":"2026-04-15T13:32:26","slug":"startseite","status":"publish","type":"page","link":"https:\/\/www.sl-solarwerke.hr\/de\/","title":{"rendered":"Startseite"},"content":{"rendered":"\n[et_pb_section fb_built=&#8220;1&#8243; fullwidth=&#8220;on&#8220; theme_builder_area=&#8220;post_content&#8220; _builder_version=&#8220;4.27.6&#8243; _module_preset=&#8220;default&#8220;][et_pb_fullwidth_header _builder_version=&#8220;4.27.6&#8243; _module_preset=&#8220;default&#8220; theme_builder_area=&#8220;post_content&#8220; background_enable_color=&#8220;off&#8220; title_text=&#8220;1&#8243; background_video_mp4=&#8220;https:\/\/www.sl-solarwerke.hr\/wp-content\/uploads\/2026\/04\/1.mp4&#8243; height=&#8220;85vh&#8220; hover_enabled=&#8220;0&#8243; sticky_enabled=&#8220;0&#8243;][\/et_pb_fullwidth_header][\/et_pb_section][et_pb_section fb_built=&#8220;1&#8243; admin_label=&#8220;History&#8220; _builder_version=&#8220;4.16&#8243; global_colors_info=&#8220;{}&#8220; theme_builder_area=&#8220;post_content&#8220;][et_pb_row _builder_version=&#8220;4.16&#8243; locked=&#8220;off&#8220; global_colors_info=&#8220;{}&#8220; theme_builder_area=&#8220;post_content&#8220;][et_pb_column type=&#8220;4_4&#8243; _builder_version=&#8220;4.16&#8243; custom_padding=&#8220;|||&#8220; global_colors_info=&#8220;{}&#8220; custom_padding__hover=&#8220;|||&#8220; theme_builder_area=&#8220;post_content&#8220;][et_pb_text _builder_version=&#8220;4.16&#8243; text_font=&#8220;||||||||&#8220; text_font_size=&#8220;16px&#8220; text_line_height=&#8220;2em&#8220; header_font=&#8220;||||||||&#8220; header_2_font=&#8220;Raleway|700|||||||&#8220; header_2_font_size=&#8220;50px&#8220; header_2_line_height=&#8220;1.2em&#8220; header_6_font=&#8220;Raleway|700||on|||||&#8220; header_6_font_size=&#8220;16px&#8220; header_6_letter_spacing=&#8220;5px&#8220; header_6_line_height=&#8220;1.8em&#8220; text_orientation=&#8220;center&#8220; max_width=&#8220;700px&#8220; module_alignment=&#8220;center&#8220; header_2_font_size_tablet=&#8220;35px&#8220; header_2_font_size_phone=&#8220;25px&#8220; header_2_font_size_last_edited=&#8220;on|phone&#8220; global_colors_info=&#8220;{}&#8220; theme_builder_area=&#8220;post_content&#8220;]<h6><strong>SL Solarwerke d.o.o.<\/strong><\/h6>\n<p>Das Unternehmen <strong>SL Solarwerke d.o.o.<\/strong> ist auf die Planung, den Bau und die Wartung von Solaranlagen spezialisiert und bietet umfassende und zuverl\u00e4ssige L\u00f6sungen im Bereich der erneuerbaren Energien.<\/p>\n<p>Mit langj\u00e4hriger Erfahrung auf dem Markt der Europ\u00e4ischen Union haben wir hohe Standards in Bezug auf Qualit\u00e4t, Effizienz und Professionalit\u00e4t entwickelt. Unser Team hochqualifizierter Fachleute steht Ihnen in allen Projektphasen zur Verf\u00fcgung \u2013 von der ersten Beratung bis zur endg\u00fcltigen Realisierung und Wartung des Systems.<\/p>\n<p>Jedes Projekt passen wir den individuellen Bed\u00fcrfnissen des Kunden an, mit konkreten Vorschl\u00e4gen und optimalen L\u00f6sungen, die maximale Effizienz und langfristige Rentabilit\u00e4t der Investition gew\u00e4hrleisten.<\/p>\n<p>Unsere Kunden k\u00f6nnen sich mit vollem Vertrauen an uns wenden, in der Gewissheit, dass sie erstklassigen Service, fachkundige Unterst\u00fctzung und einen zuverl\u00e4ssigen Partner w\u00e4hrend des gesamten Realisierungsprozesses von Solarsystemen erhalten.<\/p>[\/et_pb_text][\/et_pb_column][\/et_pb_row][\/et_pb_section][et_pb_section fb_built=&#8220;1&#8243; admin_label=&#8220;Header&#8220; _builder_version=&#8220;4.27.6&#8243; use_background_color_gradient=&#8220;on&#8220; background_color_gradient_type=&#8220;circular&#8220; background_color_gradient_direction_radial=&#8220;top left&#8220; background_color_gradient_stops=&#8220;rgba(255,255,255,0.89) 30%|rgba(255,255,255,0) 80%&#8220; background_color_gradient_overlays_image=&#8220;on&#8220; background_color_gradient_start=&#8220;rgba(255,255,255,0.89)&#8220; background_color_gradient_start_position=&#8220;30%&#8220; background_color_gradient_end=&#8220;rgba(255,255,255,0)&#8220; background_color_gradient_end_position=&#8220;80%&#8220; background_image=&#8220;https:\/\/www.sl-solarwerke.hr\/wp-content\/uploads\/2026\/04\/1.jpg&#8220; custom_margin=&#8220;|||&#8220; custom_padding=&#8220;8vw|0px|0|0px|false|false&#8220; locked=&#8220;off&#8220; global_colors_info=&#8220;{}&#8220; theme_builder_area=&#8220;post_content&#8220;][et_pb_row _builder_version=&#8220;4.16&#8243; global_colors_info=&#8220;{}&#8220; theme_builder_area=&#8220;post_content&#8220;][et_pb_column type=&#8220;4_4&#8243; _builder_version=&#8220;4.16&#8243; custom_padding=&#8220;|||&#8220; global_colors_info=&#8220;{}&#8220; custom_padding__hover=&#8220;|||&#8220; theme_builder_area=&#8220;post_content&#8220;][et_pb_text _builder_version=&#8220;4.27.6&#8243; text_font=&#8220;||||||||&#8220; header_font=&#8220;Raleway|700|||||||&#8220; header_text_color=&#8220;#5FA341&#8243; header_font_size=&#8220;80px&#8220; header_line_height=&#8220;1.2em&#8220; header_5_font=&#8220;Raleway|700||on|||||&#8220; header_5_text_color=&#8220;#000000&#8243; header_5_font_size=&#8220;20px&#8220; header_5_letter_spacing=&#8220;0.5em&#8220; header_5_line_height=&#8220;1.8em&#8220; animation_style=&#8220;zoom&#8220; animation_intensity_zoom=&#8220;5%&#8220; header_font_size_tablet=&#8220;48px&#8220; header_font_size_phone=&#8220;32px&#8220; header_font_size_last_edited=&#8220;on|phone&#8220; header_5_font_size_tablet=&#8220;14px&#8220; header_5_font_size_phone=&#8220;12px&#8220; header_5_font_size_last_edited=&#8220;on|desktop&#8220; global_colors_info=&#8220;{}&#8220; theme_builder_area=&#8220;post_content&#8220;]<h1>\u00dcber uns<\/h1>[\/et_pb_text][et_pb_text _builder_version=&#8220;4.27.6&#8243; _module_preset=&#8220;default&#8220; theme_builder_area=&#8220;post_content&#8220; hover_enabled=&#8220;0&#8243; sticky_enabled=&#8220;0&#8243;]<p>Verwandeln Sie Sonnenenergie in langfristige Einsparungen und Energieunabh\u00e4ngigkeit.<br>SL Solarwerke d.o.o. bietet schl\u00fcsselfertige Komplettl\u00f6sungen \u2013 von der Idee bis zur Realisierung, mit h\u00f6chster Qualit\u00e4t und Zuverl\u00e4ssigkeit.<\/p>[\/et_pb_text][\/et_pb_column][\/et_pb_row][et_pb_row column_structure=&#8220;1_5,1_5,1_5,1_5,1_5&#8243; use_custom_gutter=&#8220;on&#8220; gutter_width=&#8220;2&#8243; make_equal=&#8220;on&#8220; custom_padding_last_edited=&#8220;on|desktop&#8220; _builder_version=&#8220;4.27.6&#8243; background_color=&#8220;#fcfcfc&#8220; width=&#8220;90%&#8220; max_width=&#8220;90%&#8220; module_alignment=&#8220;left&#8220; custom_margin=&#8220;8vw||||false&#8220; custom_padding=&#8220;70px|40px|70px|10vw|true|false&#8220; custom_padding_tablet=&#8220;|||10vw&#8220; custom_padding_phone=&#8220;&#8220; animation_style=&#8220;slide&#8220; animation_direction=&#8220;left&#8220; animation_intensity_slide=&#8220;5%&#8220; use_custom_width=&#8220;on&#8220; width_unit=&#8220;off&#8220; custom_width_percent=&#8220;90%&#8220; locked=&#8220;off&#8220; global_colors_info=&#8220;{}&#8220; theme_builder_area=&#8220;post_content&#8220;][et_pb_column type=&#8220;1_5&#8243; _builder_version=&#8220;4.16&#8243; custom_padding=&#8220;|||&#8220; custom_padding_tablet=&#8220;40px|||&#8220; custom_padding_phone=&#8220;20px|||&#8220; custom_padding_last_edited=&#8220;off|desktop&#8220; global_colors_info=&#8220;{}&#8220; padding_phone=&#8220;20px|||&#8220; padding_tablet=&#8220;40px|||&#8220; padding_last_edited=&#8220;off|desktop&#8220; custom_padding__hover=&#8220;|||&#8220; theme_builder_area=&#8220;post_content&#8220;][et_pb_blurb title=&#8220;Planung von Solaranlagen &#8220; use_icon=&#8220;on&#8220; font_icon=&#8220;&#xf185;||fa||900&#8243; icon_color=&#8220;#5FA341&#8243; icon_placement=&#8220;left&#8220; image_icon_width=&#8220;24px&#8220; _builder_version=&#8220;4.27.6&#8243; header_level=&#8220;h5&#8243; header_font=&#8220;Raleway|700|||||||&#8220; header_line_height=&#8220;1.4em&#8220; icon_font_size=&#8220;24px&#8220; global_colors_info=&#8220;{}&#8220; theme_builder_area=&#8220;post_content&#8220;][\/et_pb_blurb][\/et_pb_column][et_pb_column type=&#8220;1_5&#8243; _builder_version=&#8220;4.16&#8243; custom_padding=&#8220;|||&#8220; custom_padding_tablet=&#8220;40px|||&#8220; custom_padding_phone=&#8220;20px|||&#8220; custom_padding_last_edited=&#8220;off|desktop&#8220; global_colors_info=&#8220;{}&#8220; padding_phone=&#8220;20px|||&#8220; padding_tablet=&#8220;40px|||&#8220; padding_last_edited=&#8220;off|desktop&#8220; custom_padding__hover=&#8220;|||&#8220; theme_builder_area=&#8220;post_content&#8220;][et_pb_blurb title=&#8220;Montage und Installation von Solarsystemen&#8220; use_icon=&#8220;on&#8220; font_icon=&#8220;&#xf7d9;||fa||900&#8243; icon_color=&#8220;#5FA341&#8243; icon_placement=&#8220;left&#8220; image_icon_width=&#8220;24px&#8220; _builder_version=&#8220;4.27.6&#8243; header_level=&#8220;h5&#8243; header_font=&#8220;Raleway|700|||||||&#8220; header_line_height=&#8220;1.4em&#8220; icon_font_size=&#8220;24px&#8220; global_colors_info=&#8220;{}&#8220; theme_builder_area=&#8220;post_content&#8220;][\/et_pb_blurb][\/et_pb_column][et_pb_column type=&#8220;1_5&#8243; _builder_version=&#8220;4.16&#8243; custom_padding=&#8220;|||&#8220; custom_padding_tablet=&#8220;40px|||&#8220; custom_padding_phone=&#8220;20px|||&#8220; custom_padding_last_edited=&#8220;off|desktop&#8220; global_colors_info=&#8220;{}&#8220; padding_phone=&#8220;20px|||&#8220; padding_tablet=&#8220;40px|||&#8220; padding_last_edited=&#8220;off|desktop&#8220; custom_padding__hover=&#8220;|||&#8220; theme_builder_area=&#8220;post_content&#8220;][et_pb_blurb title=&#8220;Vertrieb von schl\u00fcsselfertigen Solaranlagen &#8220; use_icon=&#8220;on&#8220; font_icon=&#8220;&#xe074;||divi||400&#8243; icon_color=&#8220;#5FA341&#8243; icon_placement=&#8220;left&#8220; image_icon_width=&#8220;24px&#8220; _builder_version=&#8220;4.27.6&#8243; header_level=&#8220;h5&#8243; header_font=&#8220;Raleway|700|||||||&#8220; header_line_height=&#8220;1.4em&#8220; icon_font_size=&#8220;24px&#8220; global_colors_info=&#8220;{}&#8220; theme_builder_area=&#8220;post_content&#8220;][\/et_pb_blurb][\/et_pb_column][et_pb_column type=&#8220;1_5&#8243; _builder_version=&#8220;4.16&#8243; custom_padding=&#8220;|||&#8220; custom_padding_tablet=&#8220;20px||20px||true&#8220; custom_padding_last_edited=&#8220;off|desktop&#8220; global_colors_info=&#8220;{}&#8220; padding_tablet=&#8220;20px||20px||true&#8220; padding_last_edited=&#8220;off|desktop&#8220; custom_padding__hover=&#8220;|||&#8220; theme_builder_area=&#8220;post_content&#8220;][et_pb_blurb title=&#8220;Verkauf von Solarausr\u00fcstung h\u00f6chster Qualit\u00e4t &#8220; use_icon=&#8220;on&#8220; font_icon=&#8220;&#xf058;||fa||900&#8243; icon_color=&#8220;#5FA341&#8243; icon_placement=&#8220;left&#8220; image_icon_width=&#8220;24px&#8220; _builder_version=&#8220;4.27.6&#8243; header_level=&#8220;h5&#8243; header_font=&#8220;Raleway|700|||||||&#8220; header_line_height=&#8220;1.4em&#8220; icon_font_size=&#8220;24px&#8220; locked=&#8220;off&#8220; global_colors_info=&#8220;{}&#8220; theme_builder_area=&#8220;post_content&#8220;][\/et_pb_blurb][\/et_pb_column][et_pb_column type=&#8220;1_5&#8243; _builder_version=&#8220;4.16&#8243; custom_padding=&#8220;|||&#8220; custom_padding_tablet=&#8220;20px||20px||true&#8220; custom_padding_last_edited=&#8220;off|desktop&#8220; global_colors_info=&#8220;{}&#8220; padding_tablet=&#8220;20px||20px||true&#8220; padding_last_edited=&#8220;off|desktop&#8220; custom_padding__hover=&#8220;|||&#8220; theme_builder_area=&#8220;post_content&#8220;][et_pb_blurb title=&#8220;Herstellung und Verkauf von Solar-Unterkonstruktionen &#8220; use_icon=&#8220;on&#8220; font_icon=&#8220;&#xf0ae;||fa||900&#8243; icon_color=&#8220;#5FA341&#8243; icon_placement=&#8220;left&#8220; image_icon_width=&#8220;24px&#8220; _builder_version=&#8220;4.27.6&#8243; header_level=&#8220;h5&#8243; header_font=&#8220;Raleway|700|||||||&#8220; header_line_height=&#8220;1.4em&#8220; icon_font_size=&#8220;24px&#8220; locked=&#8220;off&#8220; global_colors_info=&#8220;{}&#8220; theme_builder_area=&#8220;post_content&#8220;][\/et_pb_blurb][\/et_pb_column][\/et_pb_row][\/et_pb_section]\n","protected":false},"excerpt":{"rendered":"<p>SL Solarwerke d.o.o. Das Unternehmen SL Solarwerke d.o.o. ist auf die Planung, den Bau und die Wartung von Solaranlagen spezialisiert und bietet umfassende und zuverl\u00e4ssige L\u00f6sungen im Bereich der erneuerbaren Energien. Mit langj\u00e4hriger Erfahrung auf dem Markt der Europ\u00e4ischen Union haben wir hohe Standards in Bezug auf Qualit\u00e4t, Effizienz und Professionalit\u00e4t entwickelt. Unser Team hochqualifizierter [&hellip;]<\/p>\n","protected":false},"author":1,"featured_media":0,"parent":0,"menu_order":0,"comment_status":"closed","ping_status":"closed","template":"","meta":{"_et_pb_use_builder":"on","_et_pb_old_content":"","_et_gb_content_width":"","footnotes":""},"class_list":["post-377","page","type-page","status-publish","hentry"],"yoast_head":"<!-- This site is optimized with the Yoast SEO plugin v27.4 - https:\/\/yoast.com\/product\/yoast-seo-wordpress\/ -->\n<title>SL Solarwerke d.o.o.<\/title>\n<meta name=\"description\" content=\"Das Unternehmen SL Solarwerke d.o.o. ist auf die Planung, den Bau und die Wartung von Solaranlagen spezialisiert und bietet umfassende und zuverl\u00e4ssige L\u00f6sungen im Bereich der erneuerbaren Energien.\" \/>\n<meta name=\"robots\" content=\"index, follow, max-snippet:-1, max-image-preview:large, max-video-preview:-1\" \/>\n<link rel=\"canonical\" href=\"https:\/\/www.sl-solarwerke.hr\/de\/\" \/>\n<meta property=\"og:locale\" content=\"de_DE\" \/>\n<meta property=\"og:type\" content=\"article\" \/>\n<meta property=\"og:title\" content=\"SL Solarwerke d.o.o.\" \/>\n<meta property=\"og:description\" content=\"Das Unternehmen SL Solarwerke d.o.o. ist auf die Planung, den Bau und die Wartung von Solaranlagen spezialisiert und bietet umfassende und zuverl\u00e4ssige L\u00f6sungen im Bereich der erneuerbaren Energien.\" \/>\n<meta property=\"og:url\" content=\"https:\/\/www.sl-solarwerke.hr\/de\/\" \/>\n<meta property=\"og:site_name\" content=\"SL Solarwerke d.o.o.\" \/>\n<meta property=\"article:modified_time\" content=\"2026-04-15T13:32:26+00:00\" \/>\n<meta name=\"twitter:card\" content=\"summary_large_image\" \/>\n<meta name=\"twitter:label1\" content=\"Gesch\u00e4tzte Lesezeit\" \/>\n\t<meta name=\"twitter:data1\" content=\"6\u00a0Minuten\" \/>\n<script type=\"application\/ld+json\" class=\"yoast-schema-graph\">{\"@context\":\"https:\\\/\\\/schema.org\",\"@graph\":[{\"@type\":\"WebPage\",\"@id\":\"https:\\\/\\\/www.sl-solarwerke.hr\\\/de\\\/\",\"url\":\"https:\\\/\\\/www.sl-solarwerke.hr\\\/de\\\/\",\"name\":\"SL Solarwerke d.o.o.\",\"isPartOf\":{\"@id\":\"https:\\\/\\\/www.sl-solarwerke.hr\\\/de\\\/#website\"},\"datePublished\":\"2026-04-13T17:14:29+00:00\",\"dateModified\":\"2026-04-15T13:32:26+00:00\",\"description\":\"Das Unternehmen SL Solarwerke d.o.o. ist auf die Planung, den Bau und die Wartung von Solaranlagen spezialisiert und bietet umfassende und zuverl\u00e4ssige L\u00f6sungen im Bereich der erneuerbaren Energien.\",\"breadcrumb\":{\"@id\":\"https:\\\/\\\/www.sl-solarwerke.hr\\\/de\\\/#breadcrumb\"},\"inLanguage\":\"de\",\"potentialAction\":[{\"@type\":\"ReadAction\",\"target\":[\"https:\\\/\\\/www.sl-solarwerke.hr\\\/de\\\/\"]}]},{\"@type\":\"BreadcrumbList\",\"@id\":\"https:\\\/\\\/www.sl-solarwerke.hr\\\/de\\\/#breadcrumb\",\"itemListElement\":[{\"@type\":\"ListItem\",\"position\":1,\"name\":\"Po\u010detna stranica\",\"item\":\"https:\\\/\\\/www.sl-solarwerke.hr\\\/de\\\/\"},{\"@type\":\"ListItem\",\"position\":2,\"name\":\"Startseite\"}]},{\"@type\":\"WebSite\",\"@id\":\"https:\\\/\\\/www.sl-solarwerke.hr\\\/de\\\/#website\",\"url\":\"https:\\\/\\\/www.sl-solarwerke.hr\\\/de\\\/\",\"name\":\"SL Solarwerke d.o.o.\",\"description\":\"Projektiranje i monta\u017ea solarnih elektrana klju\u010d u ruke. Vlastita proizvodnja podkonstrukcija i prodaja solarne opreme.\",\"potentialAction\":[{\"@type\":\"SearchAction\",\"target\":{\"@type\":\"EntryPoint\",\"urlTemplate\":\"https:\\\/\\\/www.sl-solarwerke.hr\\\/de\\\/?s={search_term_string}\"},\"query-input\":{\"@type\":\"PropertyValueSpecification\",\"valueRequired\":true,\"valueName\":\"search_term_string\"}}],\"inLanguage\":\"de\"}]}<\/script>\n<!-- \/ Yoast SEO plugin. -->","yoast_head_json":{"title":"SL Solarwerke d.o.o.","description":"Das Unternehmen SL Solarwerke d.o.o. ist auf die Planung, den Bau und die Wartung von Solaranlagen spezialisiert und bietet umfassende und zuverl\u00e4ssige L\u00f6sungen im Bereich der erneuerbaren Energien.","robots":{"index":"index","follow":"follow","max-snippet":"max-snippet:-1","max-image-preview":"max-image-preview:large","max-video-preview":"max-video-preview:-1"},"canonical":"https:\/\/www.sl-solarwerke.hr\/de\/","og_locale":"de_DE","og_type":"article","og_title":"SL Solarwerke d.o.o.","og_description":"Das Unternehmen SL Solarwerke d.o.o. ist auf die Planung, den Bau und die Wartung von Solaranlagen spezialisiert und bietet umfassende und zuverl\u00e4ssige L\u00f6sungen im Bereich der erneuerbaren Energien.","og_url":"https:\/\/www.sl-solarwerke.hr\/de\/","og_site_name":"SL Solarwerke d.o.o.","article_modified_time":"2026-04-15T13:32:26+00:00","twitter_card":"summary_large_image","twitter_misc":{"Gesch\u00e4tzte Lesezeit":"6\u00a0Minuten"},"schema":{"@context":"https:\/\/schema.org","@graph":[{"@type":"WebPage","@id":"https:\/\/www.sl-solarwerke.hr\/de\/","url":"https:\/\/www.sl-solarwerke.hr\/de\/","name":"SL Solarwerke d.o.o.","isPartOf":{"@id":"https:\/\/www.sl-solarwerke.hr\/de\/#website"},"datePublished":"2026-04-13T17:14:29+00:00","dateModified":"2026-04-15T13:32:26+00:00","description":"Das Unternehmen SL Solarwerke d.o.o. ist auf die Planung, den Bau und die Wartung von Solaranlagen spezialisiert und bietet umfassende und zuverl\u00e4ssige L\u00f6sungen im Bereich der erneuerbaren Energien.","breadcrumb":{"@id":"https:\/\/www.sl-solarwerke.hr\/de\/#breadcrumb"},"inLanguage":"de","potentialAction":[{"@type":"ReadAction","target":["https:\/\/www.sl-solarwerke.hr\/de\/"]}]},{"@type":"BreadcrumbList","@id":"https:\/\/www.sl-solarwerke.hr\/de\/#breadcrumb","itemListElement":[{"@type":"ListItem","position":1,"name":"Po\u010detna stranica","item":"https:\/\/www.sl-solarwerke.hr\/de\/"},{"@type":"ListItem","position":2,"name":"Startseite"}]},{"@type":"WebSite","@id":"https:\/\/www.sl-solarwerke.hr\/de\/#website","url":"https:\/\/www.sl-solarwerke.hr\/de\/","name":"SL Solarwerke d.o.o.","description":"Projektiranje i monta\u017ea solarnih elektrana klju\u010d u ruke. Vlastita proizvodnja podkonstrukcija i prodaja solarne opreme.","potentialAction":[{"@type":"SearchAction","target":{"@type":"EntryPoint","urlTemplate":"https:\/\/www.sl-solarwerke.hr\/de\/?s={search_term_string}"},"query-input":{"@type":"PropertyValueSpecification","valueRequired":true,"valueName":"search_term_string"}}],"inLanguage":"de"}]}},"_links":{"self":[{"href":"https:\/\/www.sl-solarwerke.hr\/de\/wp-json\/wp\/v2\/pages\/377","targetHints":{"allow":["GET"]}}],"collection":[{"href":"https:\/\/www.sl-solarwerke.hr\/de\/wp-json\/wp\/v2\/pages"}],"about":[{"href":"https:\/\/www.sl-solarwerke.hr\/de\/wp-json\/wp\/v2\/types\/page"}],"author":[{"embeddable":true,"href":"https:\/\/www.sl-solarwerke.hr\/de\/wp-json\/wp\/v2\/users\/1"}],"replies":[{"embeddable":true,"href":"https:\/\/www.sl-solarwerke.hr\/de\/wp-json\/wp\/v2\/comments?post=377"}],"version-history":[{"count":1,"href":"https:\/\/www.sl-solarwerke.hr\/de\/wp-json\/wp\/v2\/pages\/377\/revisions"}],"predecessor-version":[{"id":378,"href":"https:\/\/www.sl-solarwerke.hr\/de\/wp-json\/wp\/v2\/pages\/377\/revisions\/378"}],"wp:attachment":[{"href":"https:\/\/www.sl-solarwerke.hr\/de\/wp-json\/wp\/v2\/media?parent=377"}],"curies":[{"name":"wp","href":"https:\/\/api.w.org\/{rel}","templated":true}]}}