{"id":317,"date":"2026-04-13T21:21:20","date_gmt":"2026-04-13T19:21:20","guid":{"rendered":"https:\/\/www.sl-solarwerke.hr\/kontakt\/"},"modified":"2026-04-14T21:07:45","modified_gmt":"2026-04-14T19:07:45","slug":"kontakt","status":"publish","type":"page","link":"https:\/\/www.sl-solarwerke.hr\/de\/kontakt\/","title":{"rendered":"Kontakt"},"content":{"rendered":"<p>[et_pb_section fb_built=&#8220;1&#8243; admin_label=&#8220;Header&#8220; _builder_version=&#8220;4.24.1&#8243; _module_preset=&#8220;default&#8220; custom_padding=&#8220;||0px||false|false&#8220; collapsed=&#8220;on&#8220; global_colors_info=&#8220;{}&#8220; theme_builder_area=&#8220;post_content&#8220;][et_pb_row _builder_version=&#8220;4.24.1&#8243; _module_preset=&#8220;default&#8220; global_colors_info=&#8220;{}&#8220; theme_builder_area=&#8220;post_content&#8220;][et_pb_column type=&#8220;4_4&#8243; _builder_version=&#8220;4.24.1&#8243; _module_preset=&#8220;default&#8220; global_colors_info=&#8220;{}&#8220; theme_builder_area=&#8220;post_content&#8220;][et_pb_text _builder_version=&#8220;4.27.6&#8243; _module_preset=&#8220;52af77eb-5a32-4a68-842b-9155a4a7ac42&#8243; text_orientation=&#8220;center&#8220; global_colors_info=&#8220;{}&#8220; theme_builder_area=&#8220;post_content&#8220; header_font=&#8220;&#8211;et_global_heading_font|||on|||||&#8220; header_letter_spacing=&#8220;5px&#8220; hover_enabled=&#8220;0&#8243; sticky_enabled=&#8220;0&#8243;]<\/p>\n<h1>Kontakt<\/h1>\n<p>[\/et_pb_text][\/et_pb_column][\/et_pb_row][\/et_pb_section][et_pb_section fb_built=&#8220;1&#8243; admin_label=&#8220;Contact Info&#8220; _builder_version=&#8220;4.24.2&#8243; _module_preset=&#8220;default&#8220; collapsed=&#8220;on&#8220; global_colors_info=&#8220;{}&#8220; theme_builder_area=&#8220;post_content&#8220;][et_pb_row column_structure=&#8220;1_2,1_2&#8243; make_equal=&#8220;on&#8220; _builder_version=&#8220;4.27.6&#8243; _module_preset=&#8220;default&#8220; width=&#8220;90%&#8220; max_width=&#8220;2000px&#8220; hover_enabled=&#8220;0&#8243; global_colors_info=&#8220;{}&#8220; theme_builder_area=&#8220;post_content&#8220; sticky_enabled=&#8220;0&#8243;][et_pb_column type=&#8220;1_2&#8243; _builder_version=&#8220;4.24.2&#8243; _module_preset=&#8220;default&#8220; custom_padding=&#8220;10%||14%||false|false&#8220; custom_padding_tablet=&#8220;0px||0px||true|false&#8220; custom_padding_phone=&#8220;0px||0px||true|false&#8220; custom_padding_last_edited=&#8220;on|desktop&#8220; global_colors_info=&#8220;{}&#8220; theme_builder_area=&#8220;post_content&#8220;][et_pb_text _builder_version=&#8220;4.27.6&#8243; _module_preset=&#8220;e861b14e-9499-4bf2-9fdc-9e4fd2b86f10&#8243; text_orientation=&#8220;center&#8220; custom_margin=&#8220;||0px||false|false&#8220; hover_enabled=&#8220;0&#8243; global_colors_info=&#8220;{}&#8220; theme_builder_area=&#8220;post_content&#8220; header_4_font=&#8220;&#8211;et_global_heading_font||||||||&#8220; sticky_enabled=&#8220;0&#8243;]<\/p>\n<h4><strong>SL Solarwerke d.o.o.<\/strong><\/h4>\n<p><strong><\/strong><\/p>\n<h4>Adresse:<\/h4>\n<p>Grebengradska ulica 51\/1, Topli\u010dica<\/p>\n<p>HR-42220 NOVI MAROF<\/p>\n<p>&nbsp;<\/p>\n<h4>Kontakt:<\/h4>\n<p><strong>Gesch\u00e4ftsf\u00fchrung: <\/strong><\/p>\n<p>Darina | +385 91 601 0797<\/p>\n<p><strong>Vertrieb: <\/strong><\/p>\n<p>David | +385 91 607 6026<\/p>\n<p>&nbsp;<\/p>\n<p><a href=\"mailto:info@sl-solarwerke.hr\">info@sl-solarwerke.hr<\/a><\/p>\n<p>&nbsp;<\/p>\n<p>OIB: 90164181525<\/p>\n<p>[\/et_pb_text][\/et_pb_column][et_pb_column type=&#8220;1_2&#8243; _builder_version=&#8220;4.27.6&#8243; _module_preset=&#8220;default&#8220; background_image=&#8220;https:\/\/www.sl-solarwerke.hr\/wp-content\/uploads\/2026\/04\/fine-dining-21.jpg&#8220; parallax=&#8220;on&#8220; hover_enabled=&#8220;0&#8243; global_colors_info=&#8220;{}&#8220; theme_builder_area=&#8220;post_content&#8220; sticky_enabled=&#8220;0&#8243;][et_pb_divider show_divider=&#8220;off&#8220; _builder_version=&#8220;4.24.1&#8243; _module_preset=&#8220;default&#8220; height_tablet=&#8220;50vw&#8220; height_phone=&#8220;50vw&#8220; height_last_edited=&#8220;on|desktop&#8220; locked=&#8220;off&#8220; global_colors_info=&#8220;{}&#8220; theme_builder_area=&#8220;post_content&#8220;][\/et_pb_divider][\/et_pb_column][\/et_pb_row][\/et_pb_section]<\/p>\n","protected":false},"excerpt":{"rendered":"<p>KontaktSL Solarwerke d.o.o. Adresse: Grebengradska ulica 51\/1, Topli\u010dica HR-42220 NOVI MAROF &nbsp; Kontakt: Gesch\u00e4ftsf\u00fchrung: Darina | +385 91 601 0797 Vertrieb: David | +385 91 607 6026 &nbsp; info@sl-solarwerke.hr &nbsp; OIB: 90164181525<\/p>\n","protected":false},"author":1,"featured_media":0,"parent":0,"menu_order":0,"comment_status":"closed","ping_status":"closed","template":"","meta":{"_et_pb_use_builder":"on","_et_pb_old_content":"","_et_gb_content_width":"","footnotes":""},"class_list":["post-317","page","type-page","status-publish","hentry"],"yoast_head":"<!-- This site is optimized with the Yoast SEO plugin v27.4 - https:\/\/yoast.com\/product\/yoast-seo-wordpress\/ -->\n<title>Kontakt - SL Solarwerke d.o.o.<\/title>\n<meta name=\"robots\" content=\"index, follow, max-snippet:-1, max-image-preview:large, max-video-preview:-1\" \/>\n<link rel=\"canonical\" href=\"https:\/\/www.sl-solarwerke.hr\/de\/kontakt\/\" \/>\n<meta property=\"og:locale\" content=\"de_DE\" \/>\n<meta property=\"og:type\" content=\"article\" \/>\n<meta property=\"og:title\" content=\"Kontakt - SL Solarwerke d.o.o.\" \/>\n<meta property=\"og:description\" content=\"KontaktSL Solarwerke d.o.o. Adresse: Grebengradska ulica 51\/1, Topli\u010dica HR-42220 NOVI MAROF &nbsp; Kontakt: Gesch\u00e4ftsf\u00fchrung: Darina | +385 91 601 0797 Vertrieb: David | +385 91 607 6026 &nbsp; info@sl-solarwerke.hr &nbsp; OIB: 90164181525\" \/>\n<meta property=\"og:url\" content=\"https:\/\/www.sl-solarwerke.hr\/de\/kontakt\/\" \/>\n<meta property=\"og:site_name\" content=\"SL Solarwerke d.o.o.\" \/>\n<meta property=\"article:modified_time\" content=\"2026-04-14T19:07:45+00:00\" \/>\n<meta name=\"twitter:card\" content=\"summary_large_image\" \/>\n<meta name=\"twitter:label1\" content=\"Gesch\u00e4tzte Lesezeit\" \/>\n\t<meta name=\"twitter:data1\" content=\"2\u00a0Minuten\" \/>\n<script type=\"application\/ld+json\" class=\"yoast-schema-graph\">{\"@context\":\"https:\\\/\\\/schema.org\",\"@graph\":[{\"@type\":\"WebPage\",\"@id\":\"https:\\\/\\\/www.sl-solarwerke.hr\\\/de\\\/kontakt\\\/\",\"url\":\"https:\\\/\\\/www.sl-solarwerke.hr\\\/de\\\/kontakt\\\/\",\"name\":\"Kontakt - SL Solarwerke d.o.o.\",\"isPartOf\":{\"@id\":\"https:\\\/\\\/www.sl-solarwerke.hr\\\/de\\\/#website\"},\"datePublished\":\"2026-04-13T19:21:20+00:00\",\"dateModified\":\"2026-04-14T19:07:45+00:00\",\"breadcrumb\":{\"@id\":\"https:\\\/\\\/www.sl-solarwerke.hr\\\/de\\\/kontakt\\\/#breadcrumb\"},\"inLanguage\":\"de\",\"potentialAction\":[{\"@type\":\"ReadAction\",\"target\":[\"https:\\\/\\\/www.sl-solarwerke.hr\\\/de\\\/kontakt\\\/\"]}]},{\"@type\":\"BreadcrumbList\",\"@id\":\"https:\\\/\\\/www.sl-solarwerke.hr\\\/de\\\/kontakt\\\/#breadcrumb\",\"itemListElement\":[{\"@type\":\"ListItem\",\"position\":1,\"name\":\"Po\u010detna stranica\",\"item\":\"https:\\\/\\\/www.sl-solarwerke.hr\\\/de\\\/\"},{\"@type\":\"ListItem\",\"position\":2,\"name\":\"Kontakt\"}]},{\"@type\":\"WebSite\",\"@id\":\"https:\\\/\\\/www.sl-solarwerke.hr\\\/de\\\/#website\",\"url\":\"https:\\\/\\\/www.sl-solarwerke.hr\\\/de\\\/\",\"name\":\"SL Solarwerke d.o.o.\",\"description\":\"Projektiranje i monta\u017ea solarnih elektrana klju\u010d u ruke. Vlastita proizvodnja podkonstrukcija i prodaja solarne opreme.\",\"potentialAction\":[{\"@type\":\"SearchAction\",\"target\":{\"@type\":\"EntryPoint\",\"urlTemplate\":\"https:\\\/\\\/www.sl-solarwerke.hr\\\/de\\\/?s={search_term_string}\"},\"query-input\":{\"@type\":\"PropertyValueSpecification\",\"valueRequired\":true,\"valueName\":\"search_term_string\"}}],\"inLanguage\":\"de\"}]}<\/script>\n<!-- \/ Yoast SEO plugin. -->","yoast_head_json":{"title":"Kontakt - SL Solarwerke d.o.o.","robots":{"index":"index","follow":"follow","max-snippet":"max-snippet:-1","max-image-preview":"max-image-preview:large","max-video-preview":"max-video-preview:-1"},"canonical":"https:\/\/www.sl-solarwerke.hr\/de\/kontakt\/","og_locale":"de_DE","og_type":"article","og_title":"Kontakt - SL Solarwerke d.o.o.","og_description":"KontaktSL Solarwerke d.o.o. Adresse: Grebengradska ulica 51\/1, Topli\u010dica HR-42220 NOVI MAROF &nbsp; Kontakt: Gesch\u00e4ftsf\u00fchrung: Darina | +385 91 601 0797 Vertrieb: David | +385 91 607 6026 &nbsp; info@sl-solarwerke.hr &nbsp; OIB: 90164181525","og_url":"https:\/\/www.sl-solarwerke.hr\/de\/kontakt\/","og_site_name":"SL Solarwerke d.o.o.","article_modified_time":"2026-04-14T19:07:45+00:00","twitter_card":"summary_large_image","twitter_misc":{"Gesch\u00e4tzte Lesezeit":"2\u00a0Minuten"},"schema":{"@context":"https:\/\/schema.org","@graph":[{"@type":"WebPage","@id":"https:\/\/www.sl-solarwerke.hr\/de\/kontakt\/","url":"https:\/\/www.sl-solarwerke.hr\/de\/kontakt\/","name":"Kontakt - SL Solarwerke d.o.o.","isPartOf":{"@id":"https:\/\/www.sl-solarwerke.hr\/de\/#website"},"datePublished":"2026-04-13T19:21:20+00:00","dateModified":"2026-04-14T19:07:45+00:00","breadcrumb":{"@id":"https:\/\/www.sl-solarwerke.hr\/de\/kontakt\/#breadcrumb"},"inLanguage":"de","potentialAction":[{"@type":"ReadAction","target":["https:\/\/www.sl-solarwerke.hr\/de\/kontakt\/"]}]},{"@type":"BreadcrumbList","@id":"https:\/\/www.sl-solarwerke.hr\/de\/kontakt\/#breadcrumb","itemListElement":[{"@type":"ListItem","position":1,"name":"Po\u010detna stranica","item":"https:\/\/www.sl-solarwerke.hr\/de\/"},{"@type":"ListItem","position":2,"name":"Kontakt"}]},{"@type":"WebSite","@id":"https:\/\/www.sl-solarwerke.hr\/de\/#website","url":"https:\/\/www.sl-solarwerke.hr\/de\/","name":"SL Solarwerke d.o.o.","description":"Projektiranje i monta\u017ea solarnih elektrana klju\u010d u ruke. Vlastita proizvodnja podkonstrukcija i prodaja solarne opreme.","potentialAction":[{"@type":"SearchAction","target":{"@type":"EntryPoint","urlTemplate":"https:\/\/www.sl-solarwerke.hr\/de\/?s={search_term_string}"},"query-input":{"@type":"PropertyValueSpecification","valueRequired":true,"valueName":"search_term_string"}}],"inLanguage":"de"}]}},"_links":{"self":[{"href":"https:\/\/www.sl-solarwerke.hr\/de\/wp-json\/wp\/v2\/pages\/317","targetHints":{"allow":["GET"]}}],"collection":[{"href":"https:\/\/www.sl-solarwerke.hr\/de\/wp-json\/wp\/v2\/pages"}],"about":[{"href":"https:\/\/www.sl-solarwerke.hr\/de\/wp-json\/wp\/v2\/types\/page"}],"author":[{"embeddable":true,"href":"https:\/\/www.sl-solarwerke.hr\/de\/wp-json\/wp\/v2\/users\/1"}],"replies":[{"embeddable":true,"href":"https:\/\/www.sl-solarwerke.hr\/de\/wp-json\/wp\/v2\/comments?post=317"}],"version-history":[{"count":2,"href":"https:\/\/www.sl-solarwerke.hr\/de\/wp-json\/wp\/v2\/pages\/317\/revisions"}],"predecessor-version":[{"id":319,"href":"https:\/\/www.sl-solarwerke.hr\/de\/wp-json\/wp\/v2\/pages\/317\/revisions\/319"}],"wp:attachment":[{"href":"https:\/\/www.sl-solarwerke.hr\/de\/wp-json\/wp\/v2\/media?parent=317"}],"curies":[{"name":"wp","href":"https:\/\/api.w.org\/{rel}","templated":true}]}}